{"id":5320,"date":"2024-09-04T15:10:48","date_gmt":"2024-09-04T13:10:48","guid":{"rendered":"https:\/\/rbt-anlagenbau.de\/?page_id=5320"},"modified":"2025-07-21T09:22:30","modified_gmt":"2025-07-21T07:22:30","slug":"pravne-informacije","status":"publish","type":"page","link":"https:\/\/rbt-anlagenbau.de\/hr\/pravne-informacije\/","title":{"rendered":"Pravne informacije"},"content":{"rendered":"<style>.kb-row-layout-id5320_6fa28b-03 > .kt-row-column-wrap{align-content:start;}:where(.kb-row-layout-id5320_6fa28b-03 > .kt-row-column-wrap) > .wp-block-kadence-column{justify-content:start;}.kb-row-layout-id5320_6fa28b-03 > .kt-row-column-wrap{column-gap:var(--global-kb-gap-md, 2rem);row-gap:var(--global-kb-gap-md, 2rem);max-width:var( --global-content-width, 1290px );padding-left:var(--global-content-edge-padding);padding-right:var(--global-content-edge-padding);padding-top:var(--global-kb-spacing-xxl, 5rem);padding-bottom:var(--global-kb-spacing-sm, 1.5rem);grid-template-columns:minmax(0, 1fr);}.kb-row-layout-id5320_6fa28b-03 > .kt-row-layout-overlay{opacity:0.30;}@media all and (max-width: 1024px){.kb-row-layout-id5320_6fa28b-03 > .kt-row-column-wrap{grid-template-columns:minmax(0, 1fr);}}@media all and (max-width: 767px){.kb-row-layout-id5320_6fa28b-03 > .kt-row-column-wrap{grid-template-columns:minmax(0, 1fr);}}<\/style><div class=\"kb-row-layout-wrap kb-row-layout-id5320_6fa28b-03 alignnone wp-block-kadence-rowlayout\"><div class=\"kt-row-column-wrap kt-has-1-columns kt-row-layout-equal kt-tab-layout-inherit kt-mobile-layout-row kt-row-valign-top kb-theme-content-width\">\n<style>.kadence-column5320_495378-82 > .kt-inside-inner-col,.kadence-column5320_495378-82 > .kt-inside-inner-col:before{border-top-left-radius:0px;border-top-right-radius:0px;border-bottom-right-radius:0px;border-bottom-left-radius:0px;}.kadence-column5320_495378-82 > .kt-inside-inner-col{column-gap:var(--global-kb-gap-sm, 1rem);}.kadence-column5320_495378-82 > .kt-inside-inner-col{flex-direction:column;}.kadence-column5320_495378-82 > .kt-inside-inner-col > .aligncenter{width:100%;}.kadence-column5320_495378-82 > .kt-inside-inner-col:before{opacity:0.3;}.kadence-column5320_495378-82{position:relative;}@media all and (max-width: 1024px){.kadence-column5320_495378-82 > .kt-inside-inner-col{flex-direction:column;justify-content:center;}}@media all and (max-width: 767px){.kadence-column5320_495378-82 > .kt-inside-inner-col{flex-direction:column;justify-content:center;}}<\/style>\n<div class=\"wp-block-kadence-column kadence-column5320_495378-82\"><div class=\"kt-inside-inner-col\"><style>.wp-block-kadence-advancedheading.kt-adv-heading5320_ae7f53-d3, .wp-block-kadence-advancedheading.kt-adv-heading5320_ae7f53-d3[data-kb-block=\"kb-adv-heading5320_ae7f53-d3\"]{font-style:normal;}.wp-block-kadence-advancedheading.kt-adv-heading5320_ae7f53-d3 mark.kt-highlight, .wp-block-kadence-advancedheading.kt-adv-heading5320_ae7f53-d3[data-kb-block=\"kb-adv-heading5320_ae7f53-d3\"] mark.kt-highlight{font-style:normal;color:#f76a0c;-webkit-box-decoration-break:clone;box-decoration-break:clone;padding-top:0px;padding-right:0px;padding-bottom:0px;padding-left:0px;}.wp-block-kadence-advancedheading.kt-adv-heading5320_ae7f53-d3 img.kb-inline-image, .wp-block-kadence-advancedheading.kt-adv-heading5320_ae7f53-d3[data-kb-block=\"kb-adv-heading5320_ae7f53-d3\"] img.kb-inline-image{width:150px;vertical-align:baseline;}<\/style>\n<h2 class=\"kt-adv-heading5320_ae7f53-d3 wp-block-kadence-advancedheading\" data-kb-block=\"kb-adv-heading5320_ae7f53-d3\">Pravne informacije<\/h2>\n\n\n<style>.wp-block-kadence-advancedheading.kt-adv-heading5320_7cb6bc-84, .wp-block-kadence-advancedheading.kt-adv-heading5320_7cb6bc-84[data-kb-block=\"kb-adv-heading5320_7cb6bc-84\"]{font-style:normal;}.wp-block-kadence-advancedheading.kt-adv-heading5320_7cb6bc-84 mark.kt-highlight, .wp-block-kadence-advancedheading.kt-adv-heading5320_7cb6bc-84[data-kb-block=\"kb-adv-heading5320_7cb6bc-84\"] mark.kt-highlight{font-style:normal;color:#f76a0c;-webkit-box-decoration-break:clone;box-decoration-break:clone;padding-top:0px;padding-right:0px;padding-bottom:0px;padding-left:0px;}.wp-block-kadence-advancedheading.kt-adv-heading5320_7cb6bc-84 img.kb-inline-image, .wp-block-kadence-advancedheading.kt-adv-heading5320_7cb6bc-84[data-kb-block=\"kb-adv-heading5320_7cb6bc-84\"] img.kb-inline-image{width:150px;vertical-align:baseline;}<\/style>\n<p class=\"kt-adv-heading5320_7cb6bc-84 wp-block-kadence-advancedheading\" data-kb-block=\"kb-adv-heading5320_7cb6bc-84\"><strong>RBT Anlagenbau GmbH<\/strong><br>Kessenicher Str. 46<br>53879 Euskirchen<\/p>\n\n\n<style>.wp-block-kadence-advancedheading.kt-adv-heading5320_5471c2-29, .wp-block-kadence-advancedheading.kt-adv-heading5320_5471c2-29[data-kb-block=\"kb-adv-heading5320_5471c2-29\"]{font-style:normal;}.wp-block-kadence-advancedheading.kt-adv-heading5320_5471c2-29 mark.kt-highlight, .wp-block-kadence-advancedheading.kt-adv-heading5320_5471c2-29[data-kb-block=\"kb-adv-heading5320_5471c2-29\"] mark.kt-highlight{font-style:normal;color:#f76a0c;-webkit-box-decoration-break:clone;box-decoration-break:clone;padding-top:0px;padding-right:0px;padding-bottom:0px;padding-left:0px;}.wp-block-kadence-advancedheading.kt-adv-heading5320_5471c2-29 img.kb-inline-image, .wp-block-kadence-advancedheading.kt-adv-heading5320_5471c2-29[data-kb-block=\"kb-adv-heading5320_5471c2-29\"] img.kb-inline-image{width:150px;vertical-align:baseline;}<\/style>\n<p class=\"kt-adv-heading5320_5471c2-29 wp-block-kadence-advancedheading\" data-kb-block=\"kb-adv-heading5320_5471c2-29\"><strong>Trgova\u010dki registar:<\/strong> HRB 29518<br><strong>Nadle\u017eni sud:<\/strong> Bonn<\/p>\n\n\n<style>.wp-block-kadence-advancedheading.kt-adv-heading5320_150815-0d, .wp-block-kadence-advancedheading.kt-adv-heading5320_150815-0d[data-kb-block=\"kb-adv-heading5320_150815-0d\"]{font-style:normal;}.wp-block-kadence-advancedheading.kt-adv-heading5320_150815-0d mark.kt-highlight, .wp-block-kadence-advancedheading.kt-adv-heading5320_150815-0d[data-kb-block=\"kb-adv-heading5320_150815-0d\"] mark.kt-highlight{font-style:normal;color:#f76a0c;-webkit-box-decoration-break:clone;box-decoration-break:clone;padding-top:0px;padding-right:0px;padding-bottom:0px;padding-left:0px;}.wp-block-kadence-advancedheading.kt-adv-heading5320_150815-0d img.kb-inline-image, .wp-block-kadence-advancedheading.kt-adv-heading5320_150815-0d[data-kb-block=\"kb-adv-heading5320_150815-0d\"] img.kb-inline-image{width:150px;vertical-align:baseline;}<\/style>\n<p class=\"kt-adv-heading5320_150815-0d wp-block-kadence-advancedheading\" data-kb-block=\"kb-adv-heading5320_150815-0d\"><br><strong>Zastupnik:<\/strong><br>Robert Bilogrevic<\/p>\n\n\n<style>.wp-block-kadence-advancedheading.kt-adv-heading5320_868714-a4, .wp-block-kadence-advancedheading.kt-adv-heading5320_868714-a4[data-kb-block=\"kb-adv-heading5320_868714-a4\"]{font-style:normal;}.wp-block-kadence-advancedheading.kt-adv-heading5320_868714-a4 mark.kt-highlight, .wp-block-kadence-advancedheading.kt-adv-heading5320_868714-a4[data-kb-block=\"kb-adv-heading5320_868714-a4\"] mark.kt-highlight{font-style:normal;color:#f76a0c;-webkit-box-decoration-break:clone;box-decoration-break:clone;padding-top:0px;padding-right:0px;padding-bottom:0px;padding-left:0px;}.wp-block-kadence-advancedheading.kt-adv-heading5320_868714-a4 img.kb-inline-image, .wp-block-kadence-advancedheading.kt-adv-heading5320_868714-a4[data-kb-block=\"kb-adv-heading5320_868714-a4\"] img.kb-inline-image{width:150px;vertical-align:baseline;}<\/style>\n<p class=\"kt-adv-heading5320_868714-a4 wp-block-kadence-advancedheading\" data-kb-block=\"kb-adv-heading5320_868714-a4\"><br><strong>Kontakt<\/strong><br>Telefon: +491781823855<br>E-Mail: <a>info@rbtanlagenbau.com<\/a><\/p>\n\n\n<style>.wp-block-kadence-advancedheading.kt-adv-heading5320_42218a-4c, .wp-block-kadence-advancedheading.kt-adv-heading5320_42218a-4c[data-kb-block=\"kb-adv-heading5320_42218a-4c\"]{font-style:normal;}.wp-block-kadence-advancedheading.kt-adv-heading5320_42218a-4c mark.kt-highlight, .wp-block-kadence-advancedheading.kt-adv-heading5320_42218a-4c[data-kb-block=\"kb-adv-heading5320_42218a-4c\"] mark.kt-highlight{font-style:normal;color:#f76a0c;-webkit-box-decoration-break:clone;box-decoration-break:clone;padding-top:0px;padding-right:0px;padding-bottom:0px;padding-left:0px;}.wp-block-kadence-advancedheading.kt-adv-heading5320_42218a-4c img.kb-inline-image, .wp-block-kadence-advancedheading.kt-adv-heading5320_42218a-4c[data-kb-block=\"kb-adv-heading5320_42218a-4c\"] img.kb-inline-image{width:150px;vertical-align:baseline;}<\/style>\n<p class=\"kt-adv-heading5320_42218a-4c wp-block-kadence-advancedheading\" data-kb-block=\"kb-adv-heading5320_42218a-4c\"><strong>PDV ID<\/strong><br>Identifikacijski broj za PDV u skladu s \u00a7 27 a Zakona o porezu na promet:<br><strong>DE 451902303<\/strong><\/p>\n\n\n<style>.wp-block-kadence-advancedheading.kt-adv-heading5320_4c4014-16, .wp-block-kadence-advancedheading.kt-adv-heading5320_4c4014-16[data-kb-block=\"kb-adv-heading5320_4c4014-16\"]{font-style:normal;}.wp-block-kadence-advancedheading.kt-adv-heading5320_4c4014-16 mark.kt-highlight, .wp-block-kadence-advancedheading.kt-adv-heading5320_4c4014-16[data-kb-block=\"kb-adv-heading5320_4c4014-16\"] mark.kt-highlight{font-style:normal;color:#f76a0c;-webkit-box-decoration-break:clone;box-decoration-break:clone;padding-top:0px;padding-right:0px;padding-bottom:0px;padding-left:0px;}.wp-block-kadence-advancedheading.kt-adv-heading5320_4c4014-16 img.kb-inline-image, .wp-block-kadence-advancedheading.kt-adv-heading5320_4c4014-16[data-kb-block=\"kb-adv-heading5320_4c4014-16\"] img.kb-inline-image{width:150px;vertical-align:baseline;}<\/style>\n<p class=\"kt-adv-heading5320_4c4014-16 wp-block-kadence-advancedheading\" data-kb-block=\"kb-adv-heading5320_4c4014-16\"><br><strong>Odgovoran za sadr\u017eaj prema \u00a7 55 stavak 2 RStV:<\/strong><br>Robert Bilogrevic<br>Kessenicher Str. 46<br>53879 Euskirchen<\/p>\n\n\n<style>.wp-block-kadence-advancedheading.kt-adv-heading5320_fb56e9-2e, .wp-block-kadence-advancedheading.kt-adv-heading5320_fb56e9-2e[data-kb-block=\"kb-adv-heading5320_fb56e9-2e\"]{font-style:normal;}.wp-block-kadence-advancedheading.kt-adv-heading5320_fb56e9-2e mark.kt-highlight, .wp-block-kadence-advancedheading.kt-adv-heading5320_fb56e9-2e[data-kb-block=\"kb-adv-heading5320_fb56e9-2e\"] mark.kt-highlight{font-style:normal;color:#f76a0c;-webkit-box-decoration-break:clone;box-decoration-break:clone;padding-top:0px;padding-right:0px;padding-bottom:0px;padding-left:0px;}.wp-block-kadence-advancedheading.kt-adv-heading5320_fb56e9-2e img.kb-inline-image, .wp-block-kadence-advancedheading.kt-adv-heading5320_fb56e9-2e[data-kb-block=\"kb-adv-heading5320_fb56e9-2e\"] img.kb-inline-image{width:150px;vertical-align:baseline;}<\/style>\n<p class=\"kt-adv-heading5320_fb56e9-2e wp-block-kadence-advancedheading\" data-kb-block=\"kb-adv-heading5320_fb56e9-2e\"><br><strong>Postupak rje\u0161avanja sporova pred potro\u0161a\u010dkim arbitra\u017enim tijelom<\/strong><br>Nismo spremni niti obvezni sudjelovati u postupcima rje\u0161avanja sporova pred potro\u0161a\u010dkim arbitra\u017enim tijelom.<\/p>\n<\/div><\/div>\n\n<\/div><\/div>","protected":false},"excerpt":{"rendered":"<p>Pravne informacije RBT Anlagenbau GmbHKessenicher Str. 4653879 Euskirchen Trgova\u010dki registar: HRB 29518Nadle\u017eni sud: Bonn Zastupnik:Robert Bilogrevic KontaktTelefon: +491781823855E-Mail: info@rbtanlagenbau.com PDV IDIdentifikacijski broj za PDV u skladu s \u00a7 27 a Zakona o porezu na promet:DE 451902303 Odgovoran za sadr\u017eaj prema \u00a7 55 stavak 2 RStV:Robert BilogrevicKessenicher Str. 4653879 Euskirchen Postupak rje\u0161avanja sporova pred potro\u0161a\u010dkim arbitra\u017enim&#8230;<\/p>\n","protected":false},"author":1,"featured_media":0,"parent":0,"menu_order":0,"comment_status":"closed","ping_status":"closed","template":"","meta":{"_seopress_robots_primary_cat":"","_seopress_titles_title":"","_seopress_titles_desc":"","_seopress_robots_index":"","_kad_blocks_custom_css":"","_kad_blocks_head_custom_js":"","_kad_blocks_body_custom_js":"","_kad_blocks_footer_custom_js":"","_kadence_starter_templates_imported_post":false,"_kad_post_transparent":"","_kad_post_title":"","_kad_post_layout":"","_kad_post_sidebar_id":"","_kad_post_content_style":"","_kad_post_vertical_padding":"","_kad_post_feature":"","_kad_post_feature_position":"","_kad_post_header":false,"_kad_post_footer":false,"_kad_post_classname":"","footnotes":""},"categories":[],"tags":[],"class_list":["post-5320","page","type-page","status-publish"],"taxonomy_info":[],"featured_image_src_large":false,"author_info":{"display_name":"BerAdmin","author_link":"https:\/\/rbt-anlagenbau.de\/hr\/author\/beradmin\/"},"comment_info":0,"_links":{"self":[{"href":"https:\/\/rbt-anlagenbau.de\/hr\/wp-json\/wp\/v2\/pages\/5320","targetHints":{"allow":["GET"]}}],"collection":[{"href":"https:\/\/rbt-anlagenbau.de\/hr\/wp-json\/wp\/v2\/pages"}],"about":[{"href":"https:\/\/rbt-anlagenbau.de\/hr\/wp-json\/wp\/v2\/types\/page"}],"author":[{"embeddable":true,"href":"https:\/\/rbt-anlagenbau.de\/hr\/wp-json\/wp\/v2\/users\/1"}],"replies":[{"embeddable":true,"href":"https:\/\/rbt-anlagenbau.de\/hr\/wp-json\/wp\/v2\/comments?post=5320"}],"version-history":[{"count":5,"href":"https:\/\/rbt-anlagenbau.de\/hr\/wp-json\/wp\/v2\/pages\/5320\/revisions"}],"predecessor-version":[{"id":6063,"href":"https:\/\/rbt-anlagenbau.de\/hr\/wp-json\/wp\/v2\/pages\/5320\/revisions\/6063"}],"wp:attachment":[{"href":"https:\/\/rbt-anlagenbau.de\/hr\/wp-json\/wp\/v2\/media?parent=5320"}],"wp:term":[{"taxonomy":"category","embeddable":true,"href":"https:\/\/rbt-anlagenbau.de\/hr\/wp-json\/wp\/v2\/categories?post=5320"},{"taxonomy":"post_tag","embeddable":true,"href":"https:\/\/rbt-anlagenbau.de\/hr\/wp-json\/wp\/v2\/tags?post=5320"}],"curies":[{"name":"wp","href":"https:\/\/api.w.org\/{rel}","templated":true}]}}